{"id":1852,"date":"2025-08-13T20:28:43","date_gmt":"2025-08-13T18:28:43","guid":{"rendered":"https:\/\/romanschoell.com\/?page_id=1852"},"modified":"2025-08-15T17:19:18","modified_gmt":"2025-08-15T15:19:18","slug":"startseite","status":"publish","type":"page","link":"https:\/\/romanschoell.com\/","title":{"rendered":"Startseite"},"content":{"rendered":"\n<h1 class=\"wp-block-heading has-text-align-center\">Herzlich willkommen auf meiner Website!<\/h1>\n\n\n\n<figure class=\"wp-block-image size-large\"><img data-recalc-dims=\"1\" fetchpriority=\"high\" decoding=\"async\" width=\"1024\" height=\"683\" data-attachment-id=\"1865\" data-permalink=\"https:\/\/romanschoell.com\/?attachment_id=1865\" data-orig-file=\"https:\/\/i0.wp.com\/romanschoell.com\/wp-content\/uploads\/2025\/08\/IMG_2960.jpg?fit=3600%2C2400&amp;ssl=1\" data-orig-size=\"3600,2400\" data-comments-opened=\"1\" data-image-meta=\"{&quot;aperture&quot;:&quot;0&quot;,&quot;credit&quot;:&quot;Emanuel Weber&quot;,&quot;camera&quot;:&quot;&quot;,&quot;caption&quot;:&quot;&quot;,&quot;created_timestamp&quot;:&quot;0&quot;,&quot;copyright&quot;:&quot;projectfive.ch&quot;,&quot;focal_length&quot;:&quot;0&quot;,&quot;iso&quot;:&quot;0&quot;,&quot;shutter_speed&quot;:&quot;0&quot;,&quot;title&quot;:&quot;&quot;,&quot;orientation&quot;:&quot;1&quot;}\" data-image-title=\"IMG_2960\" data-image-description=\"\" data-image-caption=\"\" data-large-file=\"https:\/\/i0.wp.com\/romanschoell.com\/wp-content\/uploads\/2025\/08\/IMG_2960.jpg?fit=1024%2C683&amp;ssl=1\" src=\"https:\/\/i0.wp.com\/romanschoell.com\/wp-content\/uploads\/2025\/08\/IMG_2960.jpg?resize=1024%2C683&#038;ssl=1\" alt=\"\" class=\"wp-image-1865\" srcset=\"https:\/\/i0.wp.com\/romanschoell.com\/wp-content\/uploads\/2025\/08\/IMG_2960.jpg?resize=1024%2C683&amp;ssl=1 1024w, https:\/\/i0.wp.com\/romanschoell.com\/wp-content\/uploads\/2025\/08\/IMG_2960.jpg?resize=300%2C200&amp;ssl=1 300w, https:\/\/i0.wp.com\/romanschoell.com\/wp-content\/uploads\/2025\/08\/IMG_2960.jpg?resize=768%2C512&amp;ssl=1 768w, https:\/\/i0.wp.com\/romanschoell.com\/wp-content\/uploads\/2025\/08\/IMG_2960.jpg?resize=1536%2C1024&amp;ssl=1 1536w, https:\/\/i0.wp.com\/romanschoell.com\/wp-content\/uploads\/2025\/08\/IMG_2960.jpg?resize=2048%2C1365&amp;ssl=1 2048w, https:\/\/i0.wp.com\/romanschoell.com\/wp-content\/uploads\/2025\/08\/IMG_2960.jpg?resize=1200%2C800&amp;ssl=1 1200w, https:\/\/i0.wp.com\/romanschoell.com\/wp-content\/uploads\/2025\/08\/IMG_2960.jpg?w=3000&amp;ssl=1 3000w\" sizes=\"(max-width: 1000px) 100vw, 1000px\" \/><\/figure>\n\n\n\n<div class=\"wp-block-columns is-layout-flex wp-container-core-columns-is-layout-7387b849 wp-block-columns-is-layout-flex\">\n<div class=\"wp-block-column is-layout-flow wp-block-column-is-layout-flow\">\n<h2 class=\"wp-block-heading\">Neuigkeiten<\/h2>\n\n\n\t<div\n\t\tclass=\"wp-block-newspack-blocks-homepage-articles  wpnbha ts-4  has-text-align-left\"\n\t\tstyle=\"\"\n\t\t>\n\t\t\t\t\t<style id=\"newspack-blocks-inline-css\" type=\"text\/css\">\t\t.wp-block-newspack-blocks-homepage-articles article .entry-title {\n\t\t\tfont-size: 1.2em;\n\t\t}\n\t\t.wp-block-newspack-blocks-homepage-articles .entry-meta {\n\t\t\tdisplay: flex;\n\t\t\tflex-wrap: wrap;\n\t\t\talign-items: center;\n\t\t\tmargin-top: 0.5em;\n\t\t}\n\t\t.wp-block-newspack-blocks-homepage-articles article .entry-meta {\n\t\t\tfont-size: 0.8em;\n\t\t}\n\t\t.wp-block-newspack-blocks-homepage-articles article .avatar {\n\t\t\theight: 25px;\n\t\t\twidth: 25px;\n\t\t}\n\t\t.wp-block-newspack-blocks-homepage-articles .post-thumbnail{\n\t\t\tmargin: 0;\n\t\t\tmargin-bottom: 0.25em;\n\t\t}\n\t\t.wp-block-newspack-blocks-homepage-articles .post-thumbnail img {\n\t\t\theight: auto;\n\t\t\twidth: 100%;\n\t\t}\n\t\t.wp-block-newspack-blocks-homepage-articles .post-thumbnail figcaption {\n\t\t\tmargin-bottom: 0.5em;\n\t\t}\n\t\t.wp-block-newspack-blocks-homepage-articles p {\n\t\t\tmargin: 0.5em 0;\n\t\t}\n\n\t\t\t<\/style>\n\t\t\t\t<div data-posts data-current-post-id=\"1852\">\n\t\t\t\t\t\t\n\t<article data-post-id=\"1904\"\n\t\tclass=\"category-allgemein type-post post-has-image\"\n\t\t\t\t>\n\t\t\t\t\n\t\t<div class=\"entry-wrapper\">\n\t\t\t<h2 class=\"entry-title\"><a href=\"https:\/\/romanschoell.com\/?p=1904\" rel=\"bookmark\">Neues im August 2025<\/a><\/h2>\t\t\t\t\t\t<p>Meine neue Website steht! Nach den Kantons- und Gemeinderatswahlen habe ich einen Moment gebraucht um die Website umstrukturieren zu k\u00f6nnen. Ich m\u00f6chte diese einfach halten,\u2026<\/p>\n\t\t\t\t<a class=\"more-link\" href=\"https:\/\/romanschoell.com\/?p=1904\" rel=\"bookmark\">\n\t\t\t\t\tWeiterlesen\t\t\t\t<\/a>\n\t\t\t\t\t\t\t\t<div class=\"entry-meta\">\n\t\t\t\t\t<a href=\"https:\/\/romanschoell.com\/?author=114833784\"><img alt='' src='https:\/\/secure.gravatar.com\/avatar\/d742b420c0ee4cf37b7c6912d320623a02149ed7488eda72424d6b13f8921be7?s=48&#038;d=identicon&#038;r=g' srcset='https:\/\/secure.gravatar.com\/avatar\/d742b420c0ee4cf37b7c6912d320623a02149ed7488eda72424d6b13f8921be7?s=96&#038;d=identicon&#038;r=g 2x' class='avatar avatar-48 photo' height='48' width='48' \/><\/a>\t\t\t\t\t\t<span class=\"byline\">\n\t\t\t\t\t\t\t<span class=\"author-prefix\">von<\/span> <span class=\"author vcard\"><a class=\"url fn n\" href=\"https:\/\/romanschoell.com\/?author=114833784\">RomanSchoell<\/a><\/span>\t\t\t\t\t\t<\/span><!-- .author-name -->\n\t\t\t\t\t\t<time class=\"entry-date published\" datetime=\"2025-08-13T20:51:21+02:00\">13. August 2025<\/time><time class=\"updated\" datetime=\"2025-08-13T20:54:23+02:00\">13. August 2025<\/time>\t\t\t\t<\/div><!-- .entry-meta -->\n\t\t\t\t\t<\/div><!-- .entry-wrapper -->\n\t<\/article>\n\n\t\t\t\t<\/div>\n\t\t\n\t<\/div>\n\t<\/div>\n\n\n\n<div class=\"wp-block-column is-layout-flow wp-block-column-is-layout-flow\">\n<h2 class=\"wp-block-heading\">\u00dcber mich<\/h2>\n\n\n\n<p class=\"wp-block-paragraph\"><a href=\"https:\/\/romanschoell.com\/?page_id=1874\">Engagement<\/a><\/p>\n\n\n\n<p class=\"wp-block-paragraph\"><a href=\"https:\/\/romanschoell.com\/?page_id=1885\">Zur Person<\/a><\/p>\n\n\n\n<p class=\"wp-block-paragraph\"><a href=\"https:\/\/open.spotify.com\/show\/00In6Azc4pFdX3UxJa6P0K?si=7b0507f951214b6a\">Podcast Freisinnig diskutiert<\/a><\/p>\n\n\n\n<p class=\"wp-block-paragraph\"><a href=\"https:\/\/romanschoell.com\/?page_id=1300\">Pressebilder<\/a><\/p>\n<\/div>\n<\/div>\n","protected":false},"excerpt":{"rendered":"<p>Herzlich willkommen auf meiner Website! Neuigkeiten \u00dcber mich Engagement Zur Person Podcast Freisinnig diskutiert Pressebilder<\/p>\n","protected":false},"author":114833784,"featured_media":0,"parent":0,"menu_order":0,"comment_status":"closed","ping_status":"closed","template":"","meta":{"_crdt_document":"","advanced_seo_description":"","jetpack_seo_html_title":"","jetpack_seo_noindex":false,"footnotes":""},"class_list":["post-1852","page","type-page","status-publish","hentry"],"jetpack_likes_enabled":true,"jetpack_sharing_enabled":true,"jetpack_shortlink":"https:\/\/wp.me\/PevHK0-tS","jetpack-related-posts":[{"id":1874,"url":"https:\/\/romanschoell.com\/?page_id=1874","url_meta":{"origin":1852,"position":0},"title":"Engagement","author":"RomanSchoell","date":"13. August 2025","format":false,"excerpt":"Hier findest Du meine aktuellen und ehemaligen politischen T\u00e4tigkeiten. Gemeinderat Recherswil (2023 - heute) Mitglied der Gesch\u00e4ftsleitung FDP.Die Liberalen Kanton Solothurn (2025 - heute) Aufbau Bezirkspartei FDP.Die Liberalen Wasseramt (2025 - heute) Vizepr\u00e4sident Jungfreisinnige Kanton Solothurn (2025 - heute) International Officer Jungfreisinnige Schweiz (2024 - heute) Parteivorstand FDP.Die Liberalen Kanton\u2026","rel":"","context":"\u00c4hnlicher Beitrag","block_context":{"text":"\u00c4hnlicher Beitrag","link":""},"img":{"alt_text":"","src":"https:\/\/i0.wp.com\/romanschoell.com\/wp-content\/uploads\/2025\/08\/IMG_8740.jpg?resize=350%2C200","width":350,"height":200,"srcset":"https:\/\/i0.wp.com\/romanschoell.com\/wp-content\/uploads\/2025\/08\/IMG_8740.jpg?resize=350%2C200 1x, https:\/\/i0.wp.com\/romanschoell.com\/wp-content\/uploads\/2025\/08\/IMG_8740.jpg?resize=525%2C300 1.5x, https:\/\/i0.wp.com\/romanschoell.com\/wp-content\/uploads\/2025\/08\/IMG_8740.jpg?resize=700%2C400 2x, https:\/\/i0.wp.com\/romanschoell.com\/wp-content\/uploads\/2025\/08\/IMG_8740.jpg?resize=1050%2C600 3x, https:\/\/i0.wp.com\/romanschoell.com\/wp-content\/uploads\/2025\/08\/IMG_8740.jpg?resize=1400%2C800 4x"},"classes":[]},{"id":1885,"url":"https:\/\/romanschoell.com\/?page_id=1885","url_meta":{"origin":1852,"position":1},"title":"Zur Person","author":"RomanSchoell","date":"13. August 2025","format":false,"excerpt":"Geboren im Jahr 2001 und aufgewachsen in Recherswil arbeite ich nun in Olten als kaufm\u00e4nnischer Sachbearbeiter. Recherswil ist und bleibt aber meine aktuelle und zuk\u00fcnftige Heimat. Mein Motto ist \"Einfach mal machen.\"Wieso? Weil gute Ideen nur etwas bringen, wenn man sie auch umsetzt. Ob beruflich und als angehender Betriebswirtschafter HF\u2026","rel":"","context":"\u00c4hnlicher Beitrag","block_context":{"text":"\u00c4hnlicher Beitrag","link":""},"img":{"alt_text":"","src":"https:\/\/i0.wp.com\/romanschoell.com\/wp-content\/uploads\/2025\/08\/D2A9025-Bearbeitet_20250313_fotomtina-edited.jpg?resize=350%2C200&ssl=1","width":350,"height":200,"srcset":"https:\/\/i0.wp.com\/romanschoell.com\/wp-content\/uploads\/2025\/08\/D2A9025-Bearbeitet_20250313_fotomtina-edited.jpg?resize=350%2C200&ssl=1 1x, https:\/\/i0.wp.com\/romanschoell.com\/wp-content\/uploads\/2025\/08\/D2A9025-Bearbeitet_20250313_fotomtina-edited.jpg?resize=525%2C300&ssl=1 1.5x, https:\/\/i0.wp.com\/romanschoell.com\/wp-content\/uploads\/2025\/08\/D2A9025-Bearbeitet_20250313_fotomtina-edited.jpg?resize=700%2C400&ssl=1 2x, https:\/\/i0.wp.com\/romanschoell.com\/wp-content\/uploads\/2025\/08\/D2A9025-Bearbeitet_20250313_fotomtina-edited.jpg?resize=1050%2C600&ssl=1 3x, https:\/\/i0.wp.com\/romanschoell.com\/wp-content\/uploads\/2025\/08\/D2A9025-Bearbeitet_20250313_fotomtina-edited.jpg?resize=1400%2C800&ssl=1 4x"},"classes":[]},{"id":1300,"url":"https:\/\/romanschoell.com\/?page_id=1300","url_meta":{"origin":1852,"position":2},"title":"Pressebilder","author":"RomanSchoell","date":"22. November 2024","format":false,"excerpt":"F\u00fcr Medienvertreter werden hier hochaufl\u00f6sende Bilder zur Verf\u00fcgung gestellt, die f\u00fcr redaktionelle Zwecke verwendet werden k\u00f6nnen. Bitte beachten Sie, dass die Bilder urheberrechtlich gesch\u00fctzt sind. Die Nutzung der Bilder ist im Rahmen der Berichterstattung \u00fcber Roman Sch\u00f6ll mit Angabe des jeweils genannten Urhebers gestattet. \u00a9: Tom Ulrich \u00a9: Ivan Marti\u2026","rel":"","context":"\u00c4hnlicher Beitrag","block_context":{"text":"\u00c4hnlicher Beitrag","link":""},"img":{"alt_text":"","src":"https:\/\/i0.wp.com\/romanschoell.com\/wp-content\/uploads\/2025\/08\/D2A9025-Bearbeitet_20250313_fotomtina-edited.jpg?resize=350%2C200","width":350,"height":200,"srcset":"https:\/\/i0.wp.com\/romanschoell.com\/wp-content\/uploads\/2025\/08\/D2A9025-Bearbeitet_20250313_fotomtina-edited.jpg?resize=350%2C200 1x, https:\/\/i0.wp.com\/romanschoell.com\/wp-content\/uploads\/2025\/08\/D2A9025-Bearbeitet_20250313_fotomtina-edited.jpg?resize=525%2C300 1.5x, https:\/\/i0.wp.com\/romanschoell.com\/wp-content\/uploads\/2025\/08\/D2A9025-Bearbeitet_20250313_fotomtina-edited.jpg?resize=700%2C400 2x, https:\/\/i0.wp.com\/romanschoell.com\/wp-content\/uploads\/2025\/08\/D2A9025-Bearbeitet_20250313_fotomtina-edited.jpg?resize=1050%2C600 3x, https:\/\/i0.wp.com\/romanschoell.com\/wp-content\/uploads\/2025\/08\/D2A9025-Bearbeitet_20250313_fotomtina-edited.jpg?resize=1400%2C800 4x"},"classes":[]}],"_links":{"self":[{"href":"https:\/\/romanschoell.com\/index.php?rest_route=\/wp\/v2\/pages\/1852","targetHints":{"allow":["GET"]}}],"collection":[{"href":"https:\/\/romanschoell.com\/index.php?rest_route=\/wp\/v2\/pages"}],"about":[{"href":"https:\/\/romanschoell.com\/index.php?rest_route=\/wp\/v2\/types\/page"}],"author":[{"embeddable":true,"href":"https:\/\/romanschoell.com\/index.php?rest_route=\/wp\/v2\/users\/114833784"}],"replies":[{"embeddable":true,"href":"https:\/\/romanschoell.com\/index.php?rest_route=%2Fwp%2Fv2%2Fcomments&post=1852"}],"version-history":[{"count":11,"href":"https:\/\/romanschoell.com\/index.php?rest_route=\/wp\/v2\/pages\/1852\/revisions"}],"predecessor-version":[{"id":1908,"href":"https:\/\/romanschoell.com\/index.php?rest_route=\/wp\/v2\/pages\/1852\/revisions\/1908"}],"wp:attachment":[{"href":"https:\/\/romanschoell.com\/index.php?rest_route=%2Fwp%2Fv2%2Fmedia&parent=1852"}],"curies":[{"name":"wp","href":"https:\/\/api.w.org\/{rel}","templated":true}]}}